{"id":51592,"date":"2023-11-19T17:35:24","date_gmt":"2023-11-19T17:35:24","guid":{"rendered":"https:\/\/equibel.be\/kbrsf\/"},"modified":"2024-07-02T12:08:18","modified_gmt":"2024-07-02T12:08:18","slug":"kbrsf","status":"publish","type":"page","link":"https:\/\/equibel.be\/fr\/kbrsf\/","title":{"rendered":"KBRSF"},"content":{"rendered":"\t\t<div data-elementor-type=\"wp-page\" data-elementor-id=\"51592\" class=\"elementor elementor-51592 elementor-28\" data-elementor-post-type=\"page\">\n\t\t\t\t<div class=\"elementor-element elementor-element-451e51d e-flex e-con-boxed e-con e-parent\" data-id=\"451e51d\" data-element_type=\"container\" data-e-type=\"container\" data-settings=\"{&quot;background_background&quot;:&quot;classic&quot;}\">\n\t\t\t\t\t<div class=\"e-con-inner\">\n\t\t<div class=\"elementor-element elementor-element-924041a e-flex e-con-boxed e-con e-child\" data-id=\"924041a\" data-element_type=\"container\" data-e-type=\"container\">\n\t\t\t\t\t<div class=\"e-con-inner\">\n\t\t\t\t<div class=\"elementor-element elementor-element-5c4c971 elementor-icon-list--layout-inline elementor-list-item-link-full_width elementor-widget elementor-widget-icon-list\" data-id=\"5c4c971\" data-element_type=\"widget\" data-e-type=\"widget\" data-widget_type=\"icon-list.default\">\n\t\t\t\t<div class=\"elementor-widget-container\">\n\t\t\t\t\t\t\t<ul class=\"elementor-icon-list-items elementor-inline-items\">\n\t\t\t\t\t\t\t<li class=\"elementor-icon-list-item elementor-inline-item\">\n\t\t\t\t\t\t\t\t\t\t\t<a href=\"https:\/\/equibel.be\/\">\n\n\t\t\t\t\t\t\t\t\t\t\t<span class=\"elementor-icon-list-text\">Home<\/span>\n\t\t\t\t\t\t\t\t\t\t\t<\/a>\n\t\t\t\t\t\t\t\t\t<\/li>\n\t\t\t\t\t\t\t\t<li class=\"elementor-icon-list-item elementor-inline-item\">\n\t\t\t\t\t\t\t\t\t\t\t<a href=\"https:\/\/equibel.be\/kbrsf\/\">\n\n\t\t\t\t\t\t\t\t\t\t\t\t<span class=\"elementor-icon-list-icon\">\n\t\t\t\t\t\t\t<svg aria-hidden=\"true\" class=\"e-font-icon-svg e-fas-chevron-right\" viewBox=\"0 0 320 512\" xmlns=\"http:\/\/www.w3.org\/2000\/svg\"><path d=\"M285.476 272.971L91.132 467.314c-9.373 9.373-24.569 9.373-33.941 0l-22.667-22.667c-9.357-9.357-9.375-24.522-.04-33.901L188.505 256 34.484 101.255c-9.335-9.379-9.317-24.544.04-33.901l22.667-22.667c9.373-9.373 24.569-9.373 33.941 0L285.475 239.03c9.373 9.372 9.373 24.568.001 33.941z\"><\/path><\/svg>\t\t\t\t\t\t<\/span>\n\t\t\t\t\t\t\t\t\t\t<span class=\"elementor-icon-list-text\">KBRSF<\/span>\n\t\t\t\t\t\t\t\t\t\t\t<\/a>\n\t\t\t\t\t\t\t\t\t<\/li>\n\t\t\t\t\t\t<\/ul>\n\t\t\t\t\t\t<\/div>\n\t\t\t\t<\/div>\n\t\t\t\t<div class=\"elementor-element elementor-element-f031007 elementor-widget elementor-widget-heading\" data-id=\"f031007\" data-element_type=\"widget\" data-e-type=\"widget\" data-widget_type=\"heading.default\">\n\t\t\t\t<div class=\"elementor-widget-container\">\n\t\t\t\t\t<h2 class=\"elementor-heading-title elementor-size-default\">KBRSF - FRBSE<\/h2>\t\t\t\t<\/div>\n\t\t\t\t<\/div>\n\t\t\t\t\t<\/div>\n\t\t\t\t<\/div>\n\t\t\t\t\t<\/div>\n\t\t\t\t<\/div>\n\t\t<div class=\"elementor-element elementor-element-3b02cdc e-flex e-con-boxed e-con e-parent\" data-id=\"3b02cdc\" data-element_type=\"container\" data-e-type=\"container\">\n\t\t\t\t\t<div class=\"e-con-inner\">\n\t\t\t\t<div class=\"elementor-element elementor-element-b3e8690 elementor-widget elementor-widget-sitemap\" data-id=\"b3e8690\" data-element_type=\"widget\" data-e-type=\"widget\" data-widget_type=\"sitemap.default\">\n\t\t\t\t<div class=\"elementor-widget-container\">\n\t\t\t\t\t<div class=\"elementor-sitemap-wrap\"><div class=\"elementor-sitemap-section\"><h2 class=\"elementor-sitemap-title elementor-sitemap-page-title\">Les pages<\/h2><ul class=\"elementor-sitemap-list elementor-sitemap-page-list\"><li class=\"elementor-sitemap-item elementor-sitemap-item-page page_item page-item-51564\"><a href=\"https:\/\/equibel.be\/fr\/\">Home<\/a><\/li><li class=\"elementor-sitemap-item elementor-sitemap-item-page page_item page-item-51672\"><a href=\"https:\/\/equibel.be\/fr\/poney-games\/\">Poney Games<\/a><\/li><li class=\"elementor-sitemap-item elementor-sitemap-item-page page_item page-item-51588\"><a href=\"https:\/\/equibel.be\/fr\/equiforum-2024\/\">Equiforum 2024<\/a><\/li><li class=\"elementor-sitemap-item elementor-sitemap-item-page page_item page-item-51653\"><a href=\"https:\/\/equibel.be\/fr\/aide\/\">Aide<\/a><\/li><li class=\"elementor-sitemap-item elementor-sitemap-item-page page_item page-item-51332\"><a href=\"https:\/\/equibel.be\/fr\/merci\/\">Merci<\/a><\/li><li class=\"elementor-sitemap-item elementor-sitemap-item-page page_item page-item-51540\"><a href=\"https:\/\/equibel.be\/fr\/contact\/\">Contact<\/a><\/li><li class=\"elementor-sitemap-item elementor-sitemap-item-page page_item page-item-51562\"><a href=\"https:\/\/equibel.be\/fr\/equifans\/\">Equifans<\/a><\/li><li class=\"elementor-sitemap-item elementor-sitemap-item-page page_item page-item-51657 current_page_parent\"><a href=\"https:\/\/equibel.be\/fr\/actualites\/\">Actualit\u00e9s<\/a><\/li><li class=\"elementor-sitemap-item elementor-sitemap-item-page page_item page-item-51680\"><a href=\"https:\/\/equibel.be\/fr\/sport-haut-niveau\/\">Sport Haut Niveau<\/a><ul class='children'><li class=\"elementor-sitemap-item elementor-sitemap-item-page page_item page-item-52723\"><a href=\"https:\/\/equibel.be\/fr\/sport-haut-niveau\/encadrement\/\">Encadrement<\/a><\/li><li class=\"elementor-sitemap-item elementor-sitemap-item-page page_item page-item-51684\"><a href=\"https:\/\/equibel.be\/fr\/sport-haut-niveau\/championnats\/\">Championnats<\/a><\/li><li class=\"elementor-sitemap-item elementor-sitemap-item-page page_item page-item-51682\"><a href=\"https:\/\/equibel.be\/fr\/sport-haut-niveau\/cadres\/\">Cadres<\/a><\/li><li class=\"elementor-sitemap-item elementor-sitemap-item-page page_item page-item-51686\"><a href=\"https:\/\/equibel.be\/fr\/sport-haut-niveau\/cellule-de-sport-de-haut-niveau\/\">Cellule de Sport de Haut Niveau<\/a><\/li><\/ul><\/li><li class=\"elementor-sitemap-item elementor-sitemap-item-page page_item page-item-51658\"><a href=\"https:\/\/equibel.be\/fr\/cheveaux-et-poneys\/\">Cheveaux et poneys<\/a><ul class='children'><li class=\"elementor-sitemap-item elementor-sitemap-item-page page_item page-item-51664\"><a href=\"https:\/\/equibel.be\/fr\/cheveaux-et-poneys\/veterinaires-officiels\/\">V\u00e9t\u00e9rinaires officiels<\/a><\/li><li class=\"elementor-sitemap-item elementor-sitemap-item-page page_item page-item-51660\"><a href=\"https:\/\/equibel.be\/fr\/cheveaux-et-poneys\/passeports-fei\/\">Passeports FEI<\/a><\/li><li class=\"elementor-sitemap-item elementor-sitemap-item-page page_item page-item-51668\"><a href=\"https:\/\/equibel.be\/fr\/cheveaux-et-poneys\/prefixe-ou-suffixe\/\">Pr\u00e9fixe ou Suffixe<\/a><\/li><li class=\"elementor-sitemap-item elementor-sitemap-item-page page_item page-item-51670\"><a href=\"https:\/\/equibel.be\/fr\/cheveaux-et-poneys\/responsable\/\">Responsable<\/a><\/li><li class=\"elementor-sitemap-item elementor-sitemap-item-page page_item page-item-51666\"><a href=\"https:\/\/equibel.be\/fr\/cheveaux-et-poneys\/toisage-poney\/\">Toisage Poney<\/a><\/li><li class=\"elementor-sitemap-item elementor-sitemap-item-page page_item page-item-51662\"><a href=\"https:\/\/equibel.be\/fr\/cheveaux-et-poneys\/immatriculation\/\">Immatriculation<\/a><\/li><\/ul><\/li><li class=\"elementor-sitemap-item elementor-sitemap-item-page page_item page-item-51674\"><a href=\"https:\/\/equibel.be\/fr\/resultats\/\">R\u00e9sultats<\/a><ul class='children'><li class=\"elementor-sitemap-item elementor-sitemap-item-page page_item page-item-51678\"><a href=\"https:\/\/equibel.be\/fr\/resultats\/classement-cavaliers\/\">Classement Cavaliers<\/a><\/li><li class=\"elementor-sitemap-item elementor-sitemap-item-page page_item page-item-51676\"><a href=\"https:\/\/equibel.be\/fr\/resultats\/classement-cavalor-nations-cups-caps\/\">Classement Cavalor Nations Cups Caps<\/a><\/li><\/ul><\/li><li class=\"elementor-sitemap-item elementor-sitemap-item-page page_item page-item-51590\"><a href=\"https:\/\/equibel.be\/fr\/calendrier\/\">Calendrier<\/a><\/li><li class=\"elementor-sitemap-item elementor-sitemap-item-page page_item page-item-51544\"><a href=\"https:\/\/equibel.be\/fr\/disciplines\/\">Disciplines<\/a><ul class='children'><li class=\"elementor-sitemap-item elementor-sitemap-item-page page_item page-item-51649\"><a href=\"https:\/\/equibel.be\/fr\/disciplines\/voltige\/\">Voltige<\/a><\/li><li class=\"elementor-sitemap-item elementor-sitemap-item-page page_item page-item-51647\"><a href=\"https:\/\/equibel.be\/fr\/disciplines\/trec\/\">Trec<\/a><\/li><li class=\"elementor-sitemap-item elementor-sitemap-item-page page_item page-item-51651\"><a href=\"https:\/\/equibel.be\/fr\/disciplines\/equitation-americaine\/\">Equitation Am\u00e9ricaine<\/a><\/li><li class=\"elementor-sitemap-item elementor-sitemap-item-page page_item page-item-51645\"><a href=\"https:\/\/equibel.be\/fr\/disciplines\/para-dressage\/\">Para-Dressage<\/a><\/li><li class=\"elementor-sitemap-item elementor-sitemap-item-page page_item page-item-51643\"><a href=\"https:\/\/equibel.be\/fr\/disciplines\/attelage\/\">Attelage<\/a><\/li><li class=\"elementor-sitemap-item elementor-sitemap-item-page page_item page-item-51640\"><a href=\"https:\/\/equibel.be\/fr\/disciplines\/jumping\/\">Jumping<\/a><\/li><li class=\"elementor-sitemap-item elementor-sitemap-item-page page_item page-item-51638\"><a href=\"https:\/\/equibel.be\/fr\/disciplines\/horseball\/\">Horseball<\/a><\/li><li class=\"elementor-sitemap-item elementor-sitemap-item-page page_item page-item-51636\"><a href=\"https:\/\/equibel.be\/fr\/disciplines\/complet\/\">Complet<\/a><\/li><li class=\"elementor-sitemap-item elementor-sitemap-item-page page_item page-item-51634\"><a href=\"https:\/\/equibel.be\/fr\/disciplines\/endurance\/\">Endurance<\/a><\/li><li class=\"elementor-sitemap-item elementor-sitemap-item-page page_item page-item-51546\"><a href=\"https:\/\/equibel.be\/fr\/disciplines\/dressage\/\">Dressage<\/a><\/li><\/ul><\/li><li class=\"elementor-sitemap-item elementor-sitemap-item-page page_item page-item-51688\"><a href=\"https:\/\/equibel.be\/fr\/offres-demploi\/\">Offres d&#8217;emploi<\/a><\/li><li class=\"elementor-sitemap-item elementor-sitemap-item-page page_item page-item-51542\"><a href=\"https:\/\/equibel.be\/fr\/commission-veterinaire\/\">Commission v\u00e9t\u00e9rinaire<\/a><\/li><li class=\"elementor-sitemap-item elementor-sitemap-item-page page_item page-item-51560\"><a href=\"https:\/\/equibel.be\/fr\/equestrians-care-for-people\/\">Equestrians Care for People<\/a><\/li><li class=\"elementor-sitemap-item elementor-sitemap-item-page page_item page-item-51592\"><a href=\"https:\/\/equibel.be\/fr\/kbrsf\/\">KBRSF<\/a><ul class='children'><li class=\"elementor-sitemap-item elementor-sitemap-item-page page_item page-item-51604\"><a href=\"https:\/\/equibel.be\/fr\/kbrsf\/commission-disciplinaire\/\">Commission disciplinaire<\/a><\/li><li class=\"elementor-sitemap-item elementor-sitemap-item-page page_item page-item-51600\"><a href=\"https:\/\/equibel.be\/fr\/kbrsf\/clean-sport\/\">Clean Sport<\/a><\/li><li class=\"elementor-sitemap-item elementor-sitemap-item-page page_item page-item-51626\"><a href=\"https:\/\/equibel.be\/fr\/kbrsf\/tarifs\/\">Tarifs<\/a><\/li><li class=\"elementor-sitemap-item elementor-sitemap-item-page page_item page-item-51616\"><a href=\"https:\/\/equibel.be\/fr\/kbrsf\/clubs-de-la-societe\/\">Clubs de la soci\u00e9t\u00e9<\/a><ul class='children'><li class=\"elementor-sitemap-item elementor-sitemap-item-page page_item page-item-51620\"><a href=\"https:\/\/equibel.be\/fr\/kbrsf\/clubs-de-la-societe\/belgian-equestrian-press-club\/\">Belgian Equestrian Press Club<\/a><\/li><li class=\"elementor-sitemap-item elementor-sitemap-item-page page_item page-item-51618\"><a href=\"https:\/\/equibel.be\/fr\/kbrsf\/clubs-de-la-societe\/club-des-ambassadeurs\/\">Club des Ambassadeurs<\/a><\/li><li class=\"elementor-sitemap-item elementor-sitemap-item-page page_item page-item-51624\"><a href=\"https:\/\/equibel.be\/fr\/kbrsf\/clubs-de-la-societe\/circle-of-merit\/\">Circle of Merit<\/a><\/li><li class=\"elementor-sitemap-item elementor-sitemap-item-page page_item page-item-51622\"><a href=\"https:\/\/equibel.be\/fr\/kbrsf\/clubs-de-la-societe\/circle-of-honour\/\">Circle of Honour<\/a><\/li><\/ul><\/li><li class=\"elementor-sitemap-item elementor-sitemap-item-page page_item page-item-51612\"><a href=\"https:\/\/equibel.be\/fr\/kbrsf\/organisateurs\/\">Organisateurs<\/a><\/li><li class=\"elementor-sitemap-item elementor-sitemap-item-page page_item page-item-51614\"><a href=\"https:\/\/equibel.be\/fr\/kbrsf\/reglements-et-documents\/\">R\u00e8glements et documents<\/a><\/li><li class=\"elementor-sitemap-item elementor-sitemap-item-page page_item page-item-51594\"><a href=\"https:\/\/equibel.be\/fr\/kbrsf\/assemblee-generale\/\">Assembl\u00e9e G\u00e9n\u00e9rale<\/a><\/li><li class=\"elementor-sitemap-item elementor-sitemap-item-page page_item page-item-51602\"><a href=\"https:\/\/equibel.be\/fr\/kbrsf\/comite-de-direction\/\">Comit\u00e9 de direction<\/a><\/li><li class=\"elementor-sitemap-item elementor-sitemap-item-page page_item page-item-51596\"><a href=\"https:\/\/equibel.be\/fr\/kbrsf\/organe-dadministration\/\">Organe d&rsquo;administration<\/a><\/li><li class=\"elementor-sitemap-item elementor-sitemap-item-page page_item page-item-51608\"><a href=\"https:\/\/equibel.be\/fr\/kbrsf\/les-bureaux\/\">Les bureaux<\/a><\/li><li class=\"elementor-sitemap-item elementor-sitemap-item-page page_item page-item-51655\"><a href=\"https:\/\/equibel.be\/fr\/kbrsf\/notre-equipe\/\">Notre \u00e9quipe<\/a><\/li><li class=\"elementor-sitemap-item elementor-sitemap-item-page page_item page-item-51610\"><a href=\"https:\/\/equibel.be\/fr\/kbrsf\/organigramme\/\">Organigramme<\/a><\/li><li class=\"elementor-sitemap-item elementor-sitemap-item-page page_item page-item-51606\"><a href=\"https:\/\/equibel.be\/fr\/kbrsf\/notre-histoire\/\">Notre histoire<\/a><\/li><\/ul><\/li><\/ul><\/div><div class=\"elementor-sitemap-section\"><h2 class=\"elementor-sitemap-title elementor-sitemap-category-title\">Cat\u00e9gories de nouvelles<\/h2><ul class=\"elementor-sitemap-list elementor-sitemap-category-list\">\t<li class=\"elementor-sitemap-item elementor-sitemap-item-category cat-item cat-item-130\"><a href=\"https:\/\/equibel.be\/fr\/categories\/voltige-fr\/\">Voltige<\/a>\n<\/li>\n\t<li class=\"elementor-sitemap-item elementor-sitemap-item-category cat-item cat-item-139\"><a href=\"https:\/\/equibel.be\/fr\/categories\/trec-fr\/\">Trec<\/a>\n<\/li>\n\t<li class=\"elementor-sitemap-item elementor-sitemap-item-category cat-item cat-item-137\"><a href=\"https:\/\/equibel.be\/fr\/categories\/selection-internationale\/\">S\u00e9lection internationale<\/a>\n<\/li>\n\t<li class=\"elementor-sitemap-item elementor-sitemap-item-category cat-item cat-item-129\"><a href=\"https:\/\/equibel.be\/fr\/categories\/para-dressage\/\">Para-Dressage<\/a>\n<\/li>\n\t<li class=\"elementor-sitemap-item elementor-sitemap-item-category cat-item cat-item-120\"><a href=\"https:\/\/equibel.be\/fr\/categories\/nouvelles\/\">Nouvelles<\/a>\n<\/li>\n\t<li class=\"elementor-sitemap-item elementor-sitemap-item-category cat-item cat-item-128\"><a href=\"https:\/\/equibel.be\/fr\/categories\/jumping-fr\/\">Jumping<\/a>\n<\/li>\n\t<li class=\"elementor-sitemap-item elementor-sitemap-item-category cat-item cat-item-127\"><a href=\"https:\/\/equibel.be\/fr\/categories\/horseball-fr\/\">Horseball<\/a>\n<\/li>\n\t<li class=\"elementor-sitemap-item elementor-sitemap-item-category cat-item cat-item-140\"><a href=\"https:\/\/equibel.be\/fr\/categories\/equitation-americaine\/\">Equitation Am\u00e9ricaine<\/a>\n<\/li>\n\t<li class=\"elementor-sitemap-item elementor-sitemap-item-category cat-item cat-item-134\"><a href=\"https:\/\/equibel.be\/fr\/categories\/equifans-fr\/\">Equifans<\/a>\n<\/li>\n\t<li class=\"elementor-sitemap-item elementor-sitemap-item-category cat-item cat-item-133\"><a href=\"https:\/\/equibel.be\/fr\/categories\/endurance-fr\/\">Endurance<\/a>\n<\/li>\n\t<li class=\"elementor-sitemap-item elementor-sitemap-item-category cat-item cat-item-131\"><a href=\"https:\/\/equibel.be\/fr\/categories\/en-vedette\/\">En vedette<\/a>\n<\/li>\n\t<li class=\"elementor-sitemap-item elementor-sitemap-item-category cat-item cat-item-132\"><a href=\"https:\/\/equibel.be\/fr\/categories\/dressage\/\">Dressage<\/a>\n<\/li>\n\t<li class=\"elementor-sitemap-item elementor-sitemap-item-category cat-item cat-item-136\"><a href=\"https:\/\/equibel.be\/fr\/categories\/dans-la-presse\/\">Dans la presse<\/a>\n<\/li>\n\t<li class=\"elementor-sitemap-item elementor-sitemap-item-category cat-item cat-item-135\"><a href=\"https:\/\/equibel.be\/fr\/categories\/complet\/\">Complet<\/a>\n<\/li>\n\t<li class=\"elementor-sitemap-item elementor-sitemap-item-category cat-item cat-item-138\"><a href=\"https:\/\/equibel.be\/fr\/categories\/attelage\/\">Attelage<\/a>\n<\/li>\n<\/ul><\/div><\/div>\t\t\t\t<\/div>\n\t\t\t\t<\/div>\n\t\t\t\t\t<\/div>\n\t\t\t\t<\/div>\n\t\t\t\t<\/div>\n\t\t","protected":false},"excerpt":{"rendered":"<p>D\u00e9couvrez la KBRSF sur notre nouvelle page. D\u00e9couvrez la mission, les objectifs et les derni\u00e8res mises \u00e0 jour d&rsquo;Equibel<\/p>\n","protected":false},"author":1,"featured_media":49845,"parent":0,"menu_order":0,"comment_status":"closed","ping_status":"closed","template":"","meta":{"footnotes":""},"class_list":["post-51592","page","type-page","status-publish","has-post-thumbnail","hentry"],"yoast_head":"<!-- This site is optimized with the Yoast SEO plugin v27.5 - https:\/\/yoast.com\/product\/yoast-seo-wordpress\/ -->\n<title>KBRSF - FRBSE - KBRSF<\/title>\n<meta name=\"description\" content=\"Explorez nos disciplines, suivez notre calendrier ou consultez les derniers r\u00e9sultats. Chez Equibel, vous trouverez tout ce dont vous avez besoin dans le monde des sports \u00e9questres.\" \/>\n<meta name=\"robots\" content=\"index, follow, max-snippet:-1, max-image-preview:large, max-video-preview:-1\" \/>\n<link rel=\"canonical\" href=\"https:\/\/equibel.be\/fr\/kbrsf\/\" \/>\n<meta property=\"og:locale\" content=\"fr_FR\" \/>\n<meta property=\"og:type\" content=\"article\" \/>\n<meta property=\"og:title\" content=\"KBRSF - FRBSE - KBRSF\" \/>\n<meta property=\"og:description\" content=\"Explorez nos disciplines, suivez notre calendrier ou consultez les derniers r\u00e9sultats. Chez Equibel, vous trouverez tout ce dont vous avez besoin dans le monde des sports \u00e9questres.\" \/>\n<meta property=\"og:url\" content=\"https:\/\/equibel.be\/fr\/kbrsf\/\" \/>\n<meta property=\"og:site_name\" content=\"FRBSE - KBRSF\" \/>\n<meta property=\"article:publisher\" content=\"https:\/\/www.facebook.com\/equibel\" \/>\n<meta property=\"article:modified_time\" content=\"2024-07-02T12:08:18+00:00\" \/>\n<meta property=\"og:image\" content=\"https:\/\/equibel.be\/wp-content\/uploads\/2023\/11\/Featuredkbrsf.webp\" \/>\n\t<meta property=\"og:image:width\" content=\"400\" \/>\n\t<meta property=\"og:image:height\" content=\"250\" \/>\n\t<meta property=\"og:image:type\" content=\"image\/webp\" \/>\n<meta name=\"twitter:card\" content=\"summary_large_image\" \/>\n<meta name=\"twitter:label1\" content=\"Dur\u00e9e de lecture estim\u00e9e\" \/>\n\t<meta name=\"twitter:data1\" content=\"1 minute\" \/>\n<script type=\"application\/ld+json\" class=\"yoast-schema-graph\">{\"@context\":\"https:\\\/\\\/schema.org\",\"@graph\":[{\"@type\":\"WebPage\",\"@id\":\"https:\\\/\\\/equibel.be\\\/fr\\\/kbrsf\\\/\",\"url\":\"https:\\\/\\\/equibel.be\\\/fr\\\/kbrsf\\\/\",\"name\":\"KBRSF - FRBSE - KBRSF\",\"isPartOf\":{\"@id\":\"https:\\\/\\\/equibel.be\\\/fr\\\/#website\"},\"primaryImageOfPage\":{\"@id\":\"https:\\\/\\\/equibel.be\\\/fr\\\/kbrsf\\\/#primaryimage\"},\"image\":{\"@id\":\"https:\\\/\\\/equibel.be\\\/fr\\\/kbrsf\\\/#primaryimage\"},\"thumbnailUrl\":\"https:\\\/\\\/equibel.be\\\/wp-content\\\/uploads\\\/2023\\\/11\\\/Featuredkbrsf.webp\",\"datePublished\":\"2023-11-19T17:35:24+00:00\",\"dateModified\":\"2024-07-02T12:08:18+00:00\",\"description\":\"Explorez nos disciplines, suivez notre calendrier ou consultez les derniers r\u00e9sultats. Chez Equibel, vous trouverez tout ce dont vous avez besoin dans le monde des sports \u00e9questres.\",\"breadcrumb\":{\"@id\":\"https:\\\/\\\/equibel.be\\\/fr\\\/kbrsf\\\/#breadcrumb\"},\"inLanguage\":\"fr-FR\",\"potentialAction\":[{\"@type\":\"ReadAction\",\"target\":[\"https:\\\/\\\/equibel.be\\\/fr\\\/kbrsf\\\/\"]}]},{\"@type\":\"ImageObject\",\"inLanguage\":\"fr-FR\",\"@id\":\"https:\\\/\\\/equibel.be\\\/fr\\\/kbrsf\\\/#primaryimage\",\"url\":\"https:\\\/\\\/equibel.be\\\/wp-content\\\/uploads\\\/2023\\\/11\\\/Featuredkbrsf.webp\",\"contentUrl\":\"https:\\\/\\\/equibel.be\\\/wp-content\\\/uploads\\\/2023\\\/11\\\/Featuredkbrsf.webp\",\"width\":400,\"height\":250},{\"@type\":\"BreadcrumbList\",\"@id\":\"https:\\\/\\\/equibel.be\\\/fr\\\/kbrsf\\\/#breadcrumb\",\"itemListElement\":[{\"@type\":\"ListItem\",\"position\":1,\"name\":\"Home\",\"item\":\"https:\\\/\\\/equibel.be\\\/fr\\\/home\\\/\"},{\"@type\":\"ListItem\",\"position\":2,\"name\":\"KBRSF\"}]},{\"@type\":\"WebSite\",\"@id\":\"https:\\\/\\\/equibel.be\\\/fr\\\/#website\",\"url\":\"https:\\\/\\\/equibel.be\\\/fr\\\/\",\"name\":\"FRBSE - KBRSF\",\"description\":\"Belgian Equistrian Federation\",\"publisher\":{\"@id\":\"https:\\\/\\\/equibel.be\\\/fr\\\/#organization\"},\"potentialAction\":[{\"@type\":\"SearchAction\",\"target\":{\"@type\":\"EntryPoint\",\"urlTemplate\":\"https:\\\/\\\/equibel.be\\\/fr\\\/?s={search_term_string}\"},\"query-input\":{\"@type\":\"PropertyValueSpecification\",\"valueRequired\":true,\"valueName\":\"search_term_string\"}}],\"inLanguage\":\"fr-FR\"},{\"@type\":\"Organization\",\"@id\":\"https:\\\/\\\/equibel.be\\\/fr\\\/#organization\",\"name\":\"FRBSE - KBRSF\",\"url\":\"https:\\\/\\\/equibel.be\\\/fr\\\/\",\"logo\":{\"@type\":\"ImageObject\",\"inLanguage\":\"fr-FR\",\"@id\":\"https:\\\/\\\/equibel.be\\\/fr\\\/#\\\/schema\\\/logo\\\/image\\\/\",\"url\":\"https:\\\/\\\/equibel.be\\\/wp-content\\\/uploads\\\/2023\\\/11\\\/Logo-KBRSF.webp\",\"contentUrl\":\"https:\\\/\\\/equibel.be\\\/wp-content\\\/uploads\\\/2023\\\/11\\\/Logo-KBRSF.webp\",\"width\":334,\"height\":110,\"caption\":\"FRBSE - KBRSF\"},\"image\":{\"@id\":\"https:\\\/\\\/equibel.be\\\/fr\\\/#\\\/schema\\\/logo\\\/image\\\/\"},\"sameAs\":[\"https:\\\/\\\/www.facebook.com\\\/equibel\"]}]}<\/script>\n<!-- \/ Yoast SEO plugin. -->","yoast_head_json":{"title":"KBRSF - FRBSE - KBRSF","description":"Explorez nos disciplines, suivez notre calendrier ou consultez les derniers r\u00e9sultats. Chez Equibel, vous trouverez tout ce dont vous avez besoin dans le monde des sports \u00e9questres.","robots":{"index":"index","follow":"follow","max-snippet":"max-snippet:-1","max-image-preview":"max-image-preview:large","max-video-preview":"max-video-preview:-1"},"canonical":"https:\/\/equibel.be\/fr\/kbrsf\/","og_locale":"fr_FR","og_type":"article","og_title":"KBRSF - FRBSE - KBRSF","og_description":"Explorez nos disciplines, suivez notre calendrier ou consultez les derniers r\u00e9sultats. Chez Equibel, vous trouverez tout ce dont vous avez besoin dans le monde des sports \u00e9questres.","og_url":"https:\/\/equibel.be\/fr\/kbrsf\/","og_site_name":"FRBSE - KBRSF","article_publisher":"https:\/\/www.facebook.com\/equibel","article_modified_time":"2024-07-02T12:08:18+00:00","og_image":[{"width":400,"height":250,"url":"https:\/\/equibel.be\/wp-content\/uploads\/2023\/11\/Featuredkbrsf.webp","type":"image\/webp"}],"twitter_card":"summary_large_image","twitter_misc":{"Dur\u00e9e de lecture estim\u00e9e":"1 minute"},"schema":{"@context":"https:\/\/schema.org","@graph":[{"@type":"WebPage","@id":"https:\/\/equibel.be\/fr\/kbrsf\/","url":"https:\/\/equibel.be\/fr\/kbrsf\/","name":"KBRSF - FRBSE - KBRSF","isPartOf":{"@id":"https:\/\/equibel.be\/fr\/#website"},"primaryImageOfPage":{"@id":"https:\/\/equibel.be\/fr\/kbrsf\/#primaryimage"},"image":{"@id":"https:\/\/equibel.be\/fr\/kbrsf\/#primaryimage"},"thumbnailUrl":"https:\/\/equibel.be\/wp-content\/uploads\/2023\/11\/Featuredkbrsf.webp","datePublished":"2023-11-19T17:35:24+00:00","dateModified":"2024-07-02T12:08:18+00:00","description":"Explorez nos disciplines, suivez notre calendrier ou consultez les derniers r\u00e9sultats. Chez Equibel, vous trouverez tout ce dont vous avez besoin dans le monde des sports \u00e9questres.","breadcrumb":{"@id":"https:\/\/equibel.be\/fr\/kbrsf\/#breadcrumb"},"inLanguage":"fr-FR","potentialAction":[{"@type":"ReadAction","target":["https:\/\/equibel.be\/fr\/kbrsf\/"]}]},{"@type":"ImageObject","inLanguage":"fr-FR","@id":"https:\/\/equibel.be\/fr\/kbrsf\/#primaryimage","url":"https:\/\/equibel.be\/wp-content\/uploads\/2023\/11\/Featuredkbrsf.webp","contentUrl":"https:\/\/equibel.be\/wp-content\/uploads\/2023\/11\/Featuredkbrsf.webp","width":400,"height":250},{"@type":"BreadcrumbList","@id":"https:\/\/equibel.be\/fr\/kbrsf\/#breadcrumb","itemListElement":[{"@type":"ListItem","position":1,"name":"Home","item":"https:\/\/equibel.be\/fr\/home\/"},{"@type":"ListItem","position":2,"name":"KBRSF"}]},{"@type":"WebSite","@id":"https:\/\/equibel.be\/fr\/#website","url":"https:\/\/equibel.be\/fr\/","name":"FRBSE - KBRSF","description":"Belgian Equistrian Federation","publisher":{"@id":"https:\/\/equibel.be\/fr\/#organization"},"potentialAction":[{"@type":"SearchAction","target":{"@type":"EntryPoint","urlTemplate":"https:\/\/equibel.be\/fr\/?s={search_term_string}"},"query-input":{"@type":"PropertyValueSpecification","valueRequired":true,"valueName":"search_term_string"}}],"inLanguage":"fr-FR"},{"@type":"Organization","@id":"https:\/\/equibel.be\/fr\/#organization","name":"FRBSE - KBRSF","url":"https:\/\/equibel.be\/fr\/","logo":{"@type":"ImageObject","inLanguage":"fr-FR","@id":"https:\/\/equibel.be\/fr\/#\/schema\/logo\/image\/","url":"https:\/\/equibel.be\/wp-content\/uploads\/2023\/11\/Logo-KBRSF.webp","contentUrl":"https:\/\/equibel.be\/wp-content\/uploads\/2023\/11\/Logo-KBRSF.webp","width":334,"height":110,"caption":"FRBSE - KBRSF"},"image":{"@id":"https:\/\/equibel.be\/fr\/#\/schema\/logo\/image\/"},"sameAs":["https:\/\/www.facebook.com\/equibel"]}]}},"_links":{"self":[{"href":"https:\/\/equibel.be\/fr\/wp-json\/wp\/v2\/pages\/51592","targetHints":{"allow":["GET"]}}],"collection":[{"href":"https:\/\/equibel.be\/fr\/wp-json\/wp\/v2\/pages"}],"about":[{"href":"https:\/\/equibel.be\/fr\/wp-json\/wp\/v2\/types\/page"}],"author":[{"embeddable":true,"href":"https:\/\/equibel.be\/fr\/wp-json\/wp\/v2\/users\/1"}],"replies":[{"embeddable":true,"href":"https:\/\/equibel.be\/fr\/wp-json\/wp\/v2\/comments?post=51592"}],"version-history":[{"count":4,"href":"https:\/\/equibel.be\/fr\/wp-json\/wp\/v2\/pages\/51592\/revisions"}],"predecessor-version":[{"id":51846,"href":"https:\/\/equibel.be\/fr\/wp-json\/wp\/v2\/pages\/51592\/revisions\/51846"}],"wp:featuredmedia":[{"embeddable":true,"href":"https:\/\/equibel.be\/fr\/wp-json\/wp\/v2\/media\/49845"}],"wp:attachment":[{"href":"https:\/\/equibel.be\/fr\/wp-json\/wp\/v2\/media?parent=51592"}],"curies":[{"name":"wp","href":"https:\/\/api.w.org\/{rel}","templated":true}]}}